{"id":731,"date":"2024-10-17T14:26:50","date_gmt":"2024-10-17T14:26:50","guid":{"rendered":"https:\/\/hailuo-ai.org\/?page_id=731"},"modified":"2024-12-24T00:35:24","modified_gmt":"2024-12-24T00:35:24","slug":"generate-video-online","status":"publish","type":"page","link":"https:\/\/hailuo-ai.org\/fr\/generate-video-online\/","title":{"rendered":"g\u00e9n\u00e9rer des vid\u00e9os en ligne"},"content":{"rendered":"<h2 class=\"wp-block-heading has-text-align-center\" id=\"you-can-generate-hailuo-ai-video-here\">Vous pouvez g\u00e9n\u00e9rer la vid\u00e9o Hailuo AI ICI <\/h2>\n\n\n\n<p class=\"has-text-align-center\">g\u00e9n\u00e9rer ai baiser vid\u00e9o <\/p>\n\n\n\n<p class=\"has-text-align-center\">G\u00e9n\u00e9rer une vid\u00e9o d'\u00e9treinte de l'IA<\/p>\n\n\n\n<div class=\"wp-block-stackable-columns stk-block-columns stk-block stk-af64431\" data-block-id=\"af64431\"><style>.stk-af64431 {margin-bottom:124px !important;}<\/style><div class=\"stk-row stk-inner-blocks stk-block-content stk-content-align stk-af64431-column\">\n<div class=\"wp-block-stackable-column stk-block-column stk-column stk-block stk-c0c038c\" data-v=\"4\" data-block-id=\"c0c038c\"><div class=\"stk-column-wrapper stk-block-column__content stk-container stk-c0c038c-container stk--no-background stk--no-padding\"><div class=\"stk-block-content stk-inner-blocks stk-c0c038c-inner-blocks\">\n<div class=\"wp-block-stackable-button-group stk-block-button-group stk-block stk-f84a8c3\" data-block-id=\"f84a8c3\"><style>.stk-f84a8c3 .stk-button-group{flex-direction:row !important;}@media screen and (max-width:999px){.stk-f84a8c3 .stk-button-group{flex-direction:row !important;}}@media screen and (max-width:689px){.stk-f84a8c3 .stk-button-group{flex-direction:row !important;}}<\/style><div class=\"stk-row stk-inner-blocks has-text-align-center stk-block-content stk-button-group\">\n<div class=\"wp-block-stackable-button stk-block-button has-text-align-center stk-block stk-c7b9eea\" data-block-id=\"c7b9eea\"><style>.stk-c7b9eea {min-height:0px !important;align-items:center !important;display:flex !important;}.stk-c7b9eea .stk-button{border-top-left-radius:22px !important;border-top-right-radius:22px !important;border-bottom-right-radius:22px !important;border-bottom-left-radius:22px !important;}<\/style><a class=\"stk-link stk-button stk--hover-effect-lift-scale\" href=\"https:\/\/vividhubs.ai\/?utm_source=hailuoaiorg\" target=\"_blank\" rel=\"noreferrer noopener\"><span class=\"stk-button__inner-text\">G\u00e9n\u00e9rer une vid\u00e9o maintenant !<\/span><\/a><\/div>\n<\/div><\/div>\n<\/div><\/div><\/div>\n<\/div><\/div>\n\n\n\n<div class=\"wp-block-stackable-columns stk-block-columns stk-block stk-26a0af5\" data-block-id=\"26a0af5\"><div class=\"stk-row stk-inner-blocks stk-block-content stk-content-align stk-26a0af5-column\">\n<div class=\"wp-block-stackable-column stk-block-column stk-column stk-block stk-d3bbe8b\" data-v=\"4\" data-block-id=\"d3bbe8b\"><div class=\"stk-column-wrapper stk-block-column__content stk-container stk-d3bbe8b-container stk--no-background stk--no-padding\"><div class=\"stk-block-content stk-inner-blocks stk-d3bbe8b-inner-blocks\">\n<blockquote class=\"twitter-tweet\" data-media-max-width=\"560\"><p lang=\"en\" dir=\"ltr\">\ud83d\udca5 Vous aimez les super-h\u00e9ros ? Vous aimez les p\u00e2tes ? Alors vous allez absolument adorer cette vid\u00e9o ! \ud83c\udf5d<br>Et n'oubliez pas de monter le son pour profiter pleinement de l'exp\u00e9rience ! \ud83c\udfa7\ud83d\udd25 <a href=\"https:\/\/twitter.com\/hashtag\/hailuoai?src=hash&amp;ref_src=twsrc%5Etfw\" target=\"_blank\" rel=\"noopener\">#hailuoai<\/a> <a href=\"https:\/\/t.co\/DMORdCMSBr\">pic.twitter.com\/DMORdCMSBr<\/a><\/p>- Pierrick Chevallier | IA (@CharaspowerAI) <a href=\"https:\/\/twitter.com\/CharaspowerAI\/status\/1842614720504692983?ref_src=twsrc%5Etfw\" target=\"_blank\" rel=\"noopener\">5 octobre 2024<\/a><\/blockquote> <script async src=\"https:\/\/platform.twitter.com\/widgets.js\" charset=\"utf-8\"><\/script>\n\n\n\n<blockquote class=\"twitter-tweet\"><p lang=\"en\" dir=\"ltr\">lorsque l'on combine plusieurs programmes d'intelligence artificielle, les choses s'emballent ! c'est Art by <a href=\"https:\/\/twitter.com\/hashtag\/Grok?src=hash&amp;ref_src=twsrc%5Etfw\" target=\"_blank\" rel=\"noopener\">#Grok<\/a> animation par <a href=\"https:\/\/twitter.com\/hashtag\/hailuoai?src=hash&amp;ref_src=twsrc%5Etfw\" target=\"_blank\" rel=\"noopener\">#hailuoai<\/a> <a href=\"https:\/\/t.co\/jLl0iGHyVo\">pic.twitter.com\/jLl0iGHyVo<\/a><\/p>- To9 \/\u2728\ud83d\udddd\ufe0f\u2728\ud83d\udddd\ufe0f\/\ua018\ua27b\ua2ea (@To9420) <a href=\"https:\/\/twitter.com\/To9420\/status\/1845595762966831567?ref_src=twsrc%5Etfw\" target=\"_blank\" rel=\"noopener\">13 octobre 2024<\/a><\/blockquote> <script async src=\"https:\/\/platform.twitter.com\/widgets.js\" charset=\"utf-8\"><\/script>\n<\/div><\/div><\/div>\n\n\n\n<div class=\"wp-block-stackable-column stk-block-column stk-column stk-block stk-ac727ef\" data-v=\"4\" data-block-id=\"ac727ef\"><div class=\"stk-column-wrapper stk-block-column__content stk-container stk-ac727ef-container stk--no-background stk--no-padding\"><div class=\"stk-block-content stk-inner-blocks stk-ac727ef-inner-blocks\">\n<blockquote class=\"twitter-tweet\" data-media-max-width=\"560\"><p lang=\"en\" dir=\"ltr\">\u00c7a a march\u00e9 !<br><br>Batman sortant de la Porsche.<br><br>La porte s'ouvre et se referme m\u00eame derri\u00e8re, c'est fou.<br><br>Cette recette a \u00e9t\u00e9 pr\u00e9par\u00e9e \u00e0 l'aide de <a href=\"https:\/\/twitter.com\/Hailuo_AI?ref_src=twsrc%5Etfw\" target=\"_blank\" rel=\"noopener\">@Hailuo_AI<\/a> outil vid\u00e9o.<br><br>Ajout\u00e9 mon image Midjourney + Prompt : Batman sortant de la voiture, marchant vers l'appareil photo, ultra r\u00e9aliste, tons sourds,... <a href=\"https:\/\/t.co\/w0uFboCWQy\">pic.twitter.com\/w0uFboCWQy<\/a><\/p>- Allar Haltsonen (@AllarHaltsonen) <a href=\"https:\/\/twitter.com\/AllarHaltsonen\/status\/1846819080147554397?ref_src=twsrc%5Etfw\" target=\"_blank\" rel=\"noopener\">17 octobre 2024<\/a><\/blockquote> <script async src=\"https:\/\/platform.twitter.com\/widgets.js\" charset=\"utf-8\"><\/script>\n\n\n\n<blockquote class=\"twitter-tweet\"><p lang=\"en\" dir=\"ltr\">Cette vid\u00e9o s'inspire de la musique et du spectacle de <a href=\"https:\/\/twitter.com\/RuPaul?ref_src=twsrc%5Etfw\" target=\"_blank\" rel=\"noopener\">@RuPaul<\/a>. Pour visualiser son titre Kitty Girl j'ai eu besoin de faire 170 g\u00e9n\u00e9rations de vid\u00e9os dans MiniMax par <a href=\"https:\/\/twitter.com\/Hailuo_AI?ref_src=twsrc%5Etfw\" target=\"_blank\" rel=\"noopener\">@Hailuo_AI<\/a>, <a href=\"https:\/\/twitter.com\/LumaLabsAI?ref_src=twsrc%5Etfw\" target=\"_blank\" rel=\"noopener\">@LumaLabsAI<\/a>, <a href=\"https:\/\/twitter.com\/pika_labs?ref_src=twsrc%5Etfw\" target=\"_blank\" rel=\"noopener\">@pika_labs<\/a> et <a href=\"https:\/\/twitter.com\/runwayml?ref_src=twsrc%5Etfw\" target=\"_blank\" rel=\"noopener\">@runwayml<\/a>. Bienvenue \u00e0 la chaleur disco avec boogie-body-rockin' cat queens \ud83d\udc08\ud83e\udea9\ud83d\udc78 <a href=\"https:\/\/t.co\/QUO8JrmXyz\">pic.twitter.com\/QUO8JrmXyz<\/a><\/p>- SAINT D (@Sa1ntDenis) <a href=\"https:\/\/twitter.com\/Sa1ntDenis\/status\/1843262345960976437?ref_src=twsrc%5Etfw\" target=\"_blank\" rel=\"noopener\">7 octobre 2024<\/a><\/blockquote> <script async src=\"https:\/\/platform.twitter.com\/widgets.js\" charset=\"utf-8\"><\/script>\n<\/div><\/div><\/div>\n\n\n\n<div class=\"wp-block-stackable-column stk-block-column stk-column stk-block stk-76ed70e\" data-v=\"4\" data-block-id=\"76ed70e\"><div class=\"stk-column-wrapper stk-block-column__content stk-container stk-76ed70e-container stk--no-background stk--no-padding\"><div class=\"stk-block-content stk-inner-blocks stk-76ed70e-inner-blocks\">\n<blockquote class=\"twitter-tweet\" data-media-max-width=\"560\"><p lang=\"en\" dir=\"ltr\">Elon rentre \u00e0 la maison apr\u00e8s une semaine bien remplie<br><br>Fabriqu\u00e9 avec <a href=\"https:\/\/twitter.com\/Hailuo_AI?ref_src=twsrc%5Etfw\" target=\"_blank\" rel=\"noopener\">@Hailuo_AI<\/a> <a href=\"https:\/\/t.co\/BQr8YSSSdz\">pic.twitter.com\/BQr8YSSSdz<\/a><\/p>- Alex Patrascu (@maxescu) <a href=\"https:\/\/twitter.com\/maxescu\/status\/1846110033308012721?ref_src=twsrc%5Etfw\" target=\"_blank\" rel=\"noopener\">15 octobre 2024<\/a><\/blockquote> <script async src=\"https:\/\/platform.twitter.com\/widgets.js\" charset=\"utf-8\"><\/script>\n\n\n\n<blockquote class=\"twitter-tweet\"><p lang=\"en\" dir=\"ltr\"><a href=\"https:\/\/twitter.com\/Hailuo_AI?ref_src=twsrc%5Etfw\" target=\"_blank\" rel=\"noopener\">@Hailuo_AI<\/a> Minimax<br><br>Oui, vous pouvez maintenant faire frapper vos personnages et faire exploser les objets ! C'est un plaisir ! Cela a choqu\u00e9 m\u00eame mon AI Lady !<a href=\"https:\/\/twitter.com\/javilopen?ref_src=twsrc%5Etfw\" target=\"_blank\" rel=\"noopener\">@javilopen<\/a> Mystic V1 image <br><br>Une femme crie et frappe la t\u00eate du robot avec un poing enflamm\u00e9, ce qui provoque une violente explosion de la t\u00eate du robot et la dispersion des pi\u00e8ces.<br>Ultra-haute... <a href=\"https:\/\/t.co\/AWaw0m0lBR\">pic.twitter.com\/AWaw0m0lBR<\/a><\/p>- Brent Lynch (@BrentLynch) <a href=\"https:\/\/twitter.com\/BrentLynch\/status\/1843665418793431278?ref_src=twsrc%5Etfw\" target=\"_blank\" rel=\"noopener\">8 octobre 2024<\/a><\/blockquote> <script async src=\"https:\/\/platform.twitter.com\/widgets.js\" charset=\"utf-8\"><\/script>\n<\/div><\/div><\/div>\n<\/div><\/div>\n\n\n\n<p><\/p>\n\n\n\n<h3 class=\"wp-block-heading\" id=\"prompt-list-of-hailuo-ai-video-generator-you-can-try\">Liste d'exemples de g\u00e9n\u00e9rateurs de vid\u00e9os Hailuo AI que vous pouvez essayer :<\/h3>\n\n\n\n<ul class=\"wp-block-list\">\n<li>un animal hybride bizarre et effrayant gribouillant dans la terre, effets pratiques, sc\u00e8ne de film post-apocalyptique tourn\u00e9e sur RED Komodo, r\u00e9alis\u00e9 par Andrei Tarkovsky<\/li>\n\n\n\n<li>La cam\u00e9ra amorce une descente d\u00e9lib\u00e9r\u00e9e \u00e0 partir d'un point d'observation situ\u00e9 en hauteur, offrant une vue panoramique d'un champ de bataille s\u00e9culaire. De ce point de vue \u00e9lev\u00e9, le terrain est visible comme une vaste \u00e9tendue de terre battue et boueuse, t\u00e9moignant de la f\u00e9rocit\u00e9 du conflit en contrebas. L'objectif de la cam\u00e9ra capture la danse complexe des combattants enferm\u00e9s dans une lutte pour la vie et la mort, leurs silhouettes \u00e9tant brouill\u00e9es par le maelstr\u00f6m de violence qui les entoure. La cacophonie de la bataille - les \u00e9p\u00e9es qui s'entrechoquent, les mugissements angoiss\u00e9s des guerriers et les sabots tonitruants des \u00e9quid\u00e9s - se transforme en une symphonie de guerre palpable, enveloppant les sens d'un manteau de tension \u00e9touffant. Alors que le regard de la cam\u00e9ra s'abaisse r\u00e9guli\u00e8rement, elle man\u0153uvre habilement \u00e0 travers le tumulte, \u00e9vitant de justesse le chaos des combattants dans un mouvement fluide qui semble \u00e0 la fois respecter et r\u00e9v\u00e9rer le caract\u00e8re sacr\u00e9 de la sc\u00e8ne. Les vestiges du champ de bataille sont mis en \u00e9vidence : des armes hors d'usage et des armures bris\u00e9es jonchent le sol, t\u00e9moignant silencieusement de la violence qui s'est d\u00e9roul\u00e9e. La cam\u00e9ra se concentre \u00e0 pr\u00e9sent sur une ancienne lance us\u00e9e par les intemp\u00e9ries, dont la base est enfonc\u00e9e dans le sol, comme pour revendiquer la terre dont elle a \u00e9t\u00e9 le t\u00e9moin. La pointe de la lance brille de sang frais, tandis que son manche, autrefois lisse, est d\u00e9sormais marqu\u00e9 par une tapisserie d'\u00e9gratignures et par la rouille qui s'installe. Cette relique, d\u00e9sormais seule au milieu du carnage, est un embl\u00e8me frappant de la f\u00e9rocit\u00e9 de la bataille et du co\u00fbt tragique des conflits. Le reste de la sc\u00e8ne de bataille s'estompe progressivement, permettant \u00e0 l'image poignante de la lance bris\u00e9e d'occuper le devant de la sc\u00e8ne, sa pr\u00e9sence solitaire \u00e9voquant un sentiment de r\u00e9flexion douloureuse.<\/li>\n\n\n\n<li>Il s'agit d'un monde fantastique sombre, plein de magie et de cr\u00e9atures magiques. Un sorcier mal\u00e9fique v\u00eatu d'une robe d'un bleu profond et couvert de tatouages faciaux invoque un \u00e9l\u00e9mentaire de feu pour le servir.<\/li>\n\n\n\n<li>La vid\u00e9o est illustr\u00e9e en style pixel avec une toile 8bit repr\u00e9sentant un chaton marchant dans une rue anim\u00e9e. L'avatar affiche l'inscription holographique Volatility, 3 septembre 2024 et la belle signature Ludma en dessous.<\/li>\n\n\n\n<li>Au d\u00e9but de la sc\u00e8ne, une jeune femme aux cheveux noirs est allong\u00e9e pr\u00e8s du hublot d'un avion et regarde dehors. Deux secondes plus tard, la cam\u00e9ra fait un panoramique sur le hublot. Dans le ciel nocturne, des aurores vertes scintillent tandis qu'une pluie de m\u00e9t\u00e9orites tombe. Gros plan, prise de vue r\u00e9elle.<\/li>\n\n\n\n<li>Un dragon g\u00e9ant s'envole des nuages et plane autour d'un ancien ch\u00e2teau flottant dans les airs.<\/li>\n\n\n\n<li>Dans une sc\u00e8ne d'un r\u00e9alisme \u00e0 couper le souffle, le monstre g\u00e9ant Godzilla traverse une jungle luxuriante et humide avec un r\u00e9alisme digne d'un animal sauvage dans son habitat naturel. Les arbres imposants s'effondrent devant son corps colossal tandis qu'il fait des pas d\u00e9lib\u00e9r\u00e9s et solides. Dans la lumi\u00e8re tamis\u00e9e de la canop\u00e9e, sa peau verte et \u00e9cailleuse brille d'un \u00e9clat humide. \u00c0 chaque pas tonitruant, le sol tremble. Ses yeux sont f\u00e9roces et vigilants, scrutant l'environnement qui l'entoure.<\/li>\n<\/ul>\n\n\n\n<p><\/p>","protected":false},"excerpt":{"rendered":"<p>You can Generate Hailuo AI video HERE generate ai kissing video generate ai hugging video Generate Video Now! \ud83d\udca5 Love superheroes? Love pasta? Then you&#39;re going to absolutely love this video! \ud83c\udf5dAnd make sure to crank up the sound for the full experience! \ud83c\udfa7\ud83d\udd25 #hailuoai pic.twitter.com\/DMORdCMSBr &mdash; Pierrick Chevallier | IA (@CharaspowerAI) October 5, 2024 [&hellip;]<\/p>","protected":false},"author":1,"featured_media":0,"parent":0,"menu_order":0,"comment_status":"closed","ping_status":"closed","template":"","meta":{"_gspb_post_css":"","footnotes":""},"class_list":["post-731","page","type-page","status-publish","hentry"],"blocksy_meta":[],"_links":{"self":[{"href":"https:\/\/hailuo-ai.org\/fr\/wp-json\/wp\/v2\/pages\/731"}],"collection":[{"href":"https:\/\/hailuo-ai.org\/fr\/wp-json\/wp\/v2\/pages"}],"about":[{"href":"https:\/\/hailuo-ai.org\/fr\/wp-json\/wp\/v2\/types\/page"}],"author":[{"embeddable":true,"href":"https:\/\/hailuo-ai.org\/fr\/wp-json\/wp\/v2\/users\/1"}],"replies":[{"embeddable":true,"href":"https:\/\/hailuo-ai.org\/fr\/wp-json\/wp\/v2\/comments?post=731"}],"version-history":[{"count":8,"href":"https:\/\/hailuo-ai.org\/fr\/wp-json\/wp\/v2\/pages\/731\/revisions"}],"predecessor-version":[{"id":816,"href":"https:\/\/hailuo-ai.org\/fr\/wp-json\/wp\/v2\/pages\/731\/revisions\/816"}],"wp:attachment":[{"href":"https:\/\/hailuo-ai.org\/fr\/wp-json\/wp\/v2\/media?parent=731"}],"curies":[{"name":"wp","href":"https:\/\/api.w.org\/{rel}","templated":true}]}}