{"id":731,"date":"2024-10-17T14:26:50","date_gmt":"2024-10-17T14:26:50","guid":{"rendered":"https:\/\/hailuo-ai.org\/?page_id=731"},"modified":"2024-12-24T00:35:24","modified_gmt":"2024-12-24T00:35:24","slug":"generate-video-online","status":"publish","type":"page","link":"https:\/\/hailuo-ai.org\/it\/generate-video-online\/","title":{"rendered":"generare-video-online"},"content":{"rendered":"<h2 class=\"wp-block-heading has-text-align-center\" id=\"you-can-generate-hailuo-ai-video-here\">\u00c8 possibile generare il video Hailuo AI QUI <\/h2>\n\n\n\n<p class=\"has-text-align-center\">generare video di baci ai <\/p>\n\n\n\n<p class=\"has-text-align-center\">generare video di abbracci ai<\/p>\n\n\n\n<div class=\"wp-block-stackable-columns stk-block-columns stk-block stk-af64431\" data-block-id=\"af64431\"><style>.stk-af64431 {margin-bottom:124px !important;}<\/style><div class=\"stk-row stk-inner-blocks stk-block-content stk-content-align stk-af64431-column\">\n<div class=\"wp-block-stackable-column stk-block-column stk-column stk-block stk-c0c038c\" data-v=\"4\" data-block-id=\"c0c038c\"><div class=\"stk-column-wrapper stk-block-column__content stk-container stk-c0c038c-container stk--no-background stk--no-padding\"><div class=\"stk-block-content stk-inner-blocks stk-c0c038c-inner-blocks\">\n<div class=\"wp-block-stackable-button-group stk-block-button-group stk-block stk-f84a8c3\" data-block-id=\"f84a8c3\"><style>.stk-f84a8c3 .stk-button-group{flex-direction:row !important;}@media screen and (max-width:999px){.stk-f84a8c3 .stk-button-group{flex-direction:row !important;}}@media screen and (max-width:689px){.stk-f84a8c3 .stk-button-group{flex-direction:row !important;}}<\/style><div class=\"stk-row stk-inner-blocks has-text-align-center stk-block-content stk-button-group\">\n<div class=\"wp-block-stackable-button stk-block-button has-text-align-center stk-block stk-c7b9eea\" data-block-id=\"c7b9eea\"><style>.stk-c7b9eea {min-height:0px !important;align-items:center !important;display:flex !important;}.stk-c7b9eea .stk-button{border-top-left-radius:22px !important;border-top-right-radius:22px !important;border-bottom-right-radius:22px !important;border-bottom-left-radius:22px !important;}<\/style><a class=\"stk-link stk-button stk--hover-effect-lift-scale\" href=\"https:\/\/vividhubs.ai\/?utm_source=hailuoaiorg\" target=\"_blank\" rel=\"noreferrer noopener\"><span class=\"stk-button__inner-text\">Generare video ora!<\/span><\/a><\/div>\n<\/div><\/div>\n<\/div><\/div><\/div>\n<\/div><\/div>\n\n\n\n<div class=\"wp-block-stackable-columns stk-block-columns stk-block stk-26a0af5\" data-block-id=\"26a0af5\"><div class=\"stk-row stk-inner-blocks stk-block-content stk-content-align stk-26a0af5-column\">\n<div class=\"wp-block-stackable-column stk-block-column stk-column stk-block stk-d3bbe8b\" data-v=\"4\" data-block-id=\"d3bbe8b\"><div class=\"stk-column-wrapper stk-block-column__content stk-container stk-d3bbe8b-container stk--no-background stk--no-padding\"><div class=\"stk-block-content stk-inner-blocks stk-d3bbe8b-inner-blocks\">\n<blockquote class=\"twitter-tweet\" data-media-max-width=\"560\"><p lang=\"en\" dir=\"ltr\">\ud83d\udca5 Amate i supereroi? Amate la pasta? Allora questo video vi piacer\u00e0 moltissimo! \ud83c\udf5d<br>E assicuratevi di alzare il volume per un'esperienza completa! \ud83c\udfa7\ud83d\udd25 <a href=\"https:\/\/twitter.com\/hashtag\/hailuoai?src=hash&amp;ref_src=twsrc%5Etfw\" target=\"_blank\" rel=\"noopener\">#hailuoai<\/a> <a href=\"https:\/\/t.co\/DMORdCMSBr\">pic.twitter.com\/DMORdCMSBr<\/a><\/p>- Pierrick Chevallier | IA (@CharaspowerAI) <a href=\"https:\/\/twitter.com\/CharaspowerAI\/status\/1842614720504692983?ref_src=twsrc%5Etfw\" target=\"_blank\" rel=\"noopener\">5 ottobre 2024<\/a><\/blockquote> <script async src=\"https:\/\/platform.twitter.com\/widgets.js\" charset=\"utf-8\"><\/script>\n\n\n\n<blockquote class=\"twitter-tweet\"><p lang=\"en\" dir=\"ltr\">Quando si combinano pi\u00f9 programmi di intelligenza artificiale, le cose si scatenano! Questo \u00e8 Art by <a href=\"https:\/\/twitter.com\/hashtag\/Grok?src=hash&amp;ref_src=twsrc%5Etfw\" target=\"_blank\" rel=\"noopener\">#Grok<\/a> animazione di <a href=\"https:\/\/twitter.com\/hashtag\/hailuoai?src=hash&amp;ref_src=twsrc%5Etfw\" target=\"_blank\" rel=\"noopener\">#hailuoai<\/a> <a href=\"https:\/\/t.co\/jLl0iGHyVo\">pic.twitter.com\/jLl0iGHyVo<\/a><\/p>- To9 \/\u2728\ud83d\udddd\ufe0f\u2728\ud83d\udddd\ufe0f\/\ua018\ua27b\ua2ea (@To9420) <a href=\"https:\/\/twitter.com\/To9420\/status\/1845595762966831567?ref_src=twsrc%5Etfw\" target=\"_blank\" rel=\"noopener\">13 ottobre 2024<\/a><\/blockquote> <script async src=\"https:\/\/platform.twitter.com\/widgets.js\" charset=\"utf-8\"><\/script>\n<\/div><\/div><\/div>\n\n\n\n<div class=\"wp-block-stackable-column stk-block-column stk-column stk-block stk-ac727ef\" data-v=\"4\" data-block-id=\"ac727ef\"><div class=\"stk-column-wrapper stk-block-column__content stk-container stk-ac727ef-container stk--no-background stk--no-padding\"><div class=\"stk-block-content stk-inner-blocks stk-ac727ef-inner-blocks\">\n<blockquote class=\"twitter-tweet\" data-media-max-width=\"560\"><p lang=\"en\" dir=\"ltr\">Amico, ha funzionato!<br><br>Batman esce dalla Porsche.<br><br>La porta si apre e si chiude anche dietro, impazzita.<br><br>Realizzato con <a href=\"https:\/\/twitter.com\/Hailuo_AI?ref_src=twsrc%5Etfw\" target=\"_blank\" rel=\"noopener\">@Hailuo_AI<\/a> strumento video.<br><br>Aggiunta la mia immagine Midjourney + Prompt: Batman esce dall'auto, cammina verso la macchina fotografica, ultra realistico, toni tenui,... <a href=\"https:\/\/t.co\/w0uFboCWQy\">pic.twitter.com\/w0uFboCWQy<\/a><\/p>- Allar Haltsonen (@AllarHaltsonen) <a href=\"https:\/\/twitter.com\/AllarHaltsonen\/status\/1846819080147554397?ref_src=twsrc%5Etfw\" target=\"_blank\" rel=\"noopener\">17 ottobre 2024<\/a><\/blockquote> <script async src=\"https:\/\/platform.twitter.com\/widgets.js\" charset=\"utf-8\"><\/script>\n\n\n\n<blockquote class=\"twitter-tweet\"><p lang=\"en\" dir=\"ltr\">Questo video \u00e8 ispirato alla musica e allo spettacolo di <a href=\"https:\/\/twitter.com\/RuPaul?ref_src=twsrc%5Etfw\" target=\"_blank\" rel=\"noopener\">@RuPaul<\/a>. Per visualizzare la sua traccia Kitty Girl ho dovuto fare 170 generazioni di video in MiniMax. <a href=\"https:\/\/twitter.com\/Hailuo_AI?ref_src=twsrc%5Etfw\" target=\"_blank\" rel=\"noopener\">@Hailuo_AI<\/a>, <a href=\"https:\/\/twitter.com\/LumaLabsAI?ref_src=twsrc%5Etfw\" target=\"_blank\" rel=\"noopener\">@LumaLabsAI<\/a>, <a href=\"https:\/\/twitter.com\/pika_labs?ref_src=twsrc%5Etfw\" target=\"_blank\" rel=\"noopener\">@pika_labs<\/a> e <a href=\"https:\/\/twitter.com\/runwayml?ref_src=twsrc%5Etfw\" target=\"_blank\" rel=\"noopener\">@runwayml<\/a>. Benvenuti nel calore della discoteca con le regine dei gatti boogie-body-rockin' \ud83d\udc08\ud83e\udea9\ud83d\udc78 <a href=\"https:\/\/t.co\/QUO8JrmXyz\">pic.twitter.com\/QUO8JrmXyz<\/a><\/p>- SAINT D (@Sa1ntDenis) <a href=\"https:\/\/twitter.com\/Sa1ntDenis\/status\/1843262345960976437?ref_src=twsrc%5Etfw\" target=\"_blank\" rel=\"noopener\">7 ottobre 2024<\/a><\/blockquote> <script async src=\"https:\/\/platform.twitter.com\/widgets.js\" charset=\"utf-8\"><\/script>\n<\/div><\/div><\/div>\n\n\n\n<div class=\"wp-block-stackable-column stk-block-column stk-column stk-block stk-76ed70e\" data-v=\"4\" data-block-id=\"76ed70e\"><div class=\"stk-column-wrapper stk-block-column__content stk-container stk-76ed70e-container stk--no-background stk--no-padding\"><div class=\"stk-block-content stk-inner-blocks stk-76ed70e-inner-blocks\">\n<blockquote class=\"twitter-tweet\" data-media-max-width=\"560\"><p lang=\"en\" dir=\"ltr\">Elon torna a casa dopo una settimana intensa<br><br>Realizzato con <a href=\"https:\/\/twitter.com\/Hailuo_AI?ref_src=twsrc%5Etfw\" target=\"_blank\" rel=\"noopener\">@Hailuo_AI<\/a> <a href=\"https:\/\/t.co\/BQr8YSSSdz\">pic.twitter.com\/BQr8YSSSdz<\/a><\/p>- Alex Patrascu (@maxescu) <a href=\"https:\/\/twitter.com\/maxescu\/status\/1846110033308012721?ref_src=twsrc%5Etfw\" target=\"_blank\" rel=\"noopener\">15 ottobre 2024<\/a><\/blockquote> <script async src=\"https:\/\/platform.twitter.com\/widgets.js\" charset=\"utf-8\"><\/script>\n\n\n\n<blockquote class=\"twitter-tweet\"><p lang=\"en\" dir=\"ltr\"><a href=\"https:\/\/twitter.com\/Hailuo_AI?ref_src=twsrc%5Etfw\" target=\"_blank\" rel=\"noopener\">@Hailuo_AI<\/a> Minimax<br><br>Ora \u00e8 possibile far colpire i personaggi e far fare kaboom agli oggetti! Divertitevi! Ha scioccato anche la mia AI Lady!<a href=\"https:\/\/twitter.com\/javilopen?ref_src=twsrc%5Etfw\" target=\"_blank\" rel=\"noopener\">@javilopen<\/a> Immagine di Mystic V1 <br><br>Una donna urla e colpisce la testa del robot con un pugno infuocato, causando l'esplosione violenta della testa del robot e la dispersione dei pezzi.<br>Ultra-alto... <a href=\"https:\/\/t.co\/AWaw0m0lBR\">pic.twitter.com\/AWaw0m0lBR<\/a><\/p>- Brent Lynch (@BrentLynch) <a href=\"https:\/\/twitter.com\/BrentLynch\/status\/1843665418793431278?ref_src=twsrc%5Etfw\" target=\"_blank\" rel=\"noopener\">8 ottobre 2024<\/a><\/blockquote> <script async src=\"https:\/\/platform.twitter.com\/widgets.js\" charset=\"utf-8\"><\/script>\n<\/div><\/div><\/div>\n<\/div><\/div>\n\n\n\n<p><\/p>\n\n\n\n<h3 class=\"wp-block-heading\" id=\"prompt-list-of-hailuo-ai-video-generator-you-can-try\">Elenco dei prompt del generatore di video Hailuo AI Si pu\u00f2 provare:<\/h3>\n\n\n\n<ul class=\"wp-block-list\">\n<li>una strana e spaventosa pianta animale ibrida che scarabocchia nella sporcizia, effetti pratici, scena di film post-apocalittico girato con RED Komodo, regia di Andrei Tarkovsky<\/li>\n\n\n\n<li>La macchina da presa inizia una discesa deliberata da un punto panoramico in alto, offrendo una vista panoramica di un campo di battaglia secolare. Da questa prospettiva elevata, il terreno \u00e8 visibile come una vasta distesa di terra smossa e fangosa, che testimonia la ferocia del conflitto sottostante. L'obiettivo della telecamera cattura l'intricata danza dei combattenti impegnati in una lotta tra la vita e la morte, le cui sagome sono offuscate dal vortice di violenza che li circonda. La cacofonia della battaglia - le spade che si scontrano, i gridi angosciosi dei guerrieri e gli zoccoli fragorosi degli equini - si trasforma in una palpabile sinfonia di guerra, che avvolge i sensi in un soffocante mantello di tensione. Mentre lo sguardo della macchina da presa si abbassa costantemente, si muove abilmente attraverso il tumulto, evitando il caos dei combattenti con un movimento fluido che sembra rispettare e riverire la sacralit\u00e0 della scena. I resti del campo di battaglia vengono messi a fuoco con chiarezza: armi abbandonate e armature spezzate sono disseminate ovunque, a testimonianza silenziosa della violenza che si \u00e8 consumata. L'attenzione della macchina da presa si concentra ora su una lancia antica e consumata, la cui base \u00e8 conficcata nel terreno come se volesse rivendicare il diritto al suolo di cui \u00e8 stata testimone. La punta della lancia brilla di sangue fresco, mentre l'asta, un tempo liscia, \u00e8 ora segnata da un arazzo di graffi e dall'incombente decadimento della ruggine. Questa reliquia, ora sola in mezzo alla carneficina, \u00e8 un emblema della ferocia della battaglia e del tragico costo del conflitto. Il resto della scena della battaglia si allontana gradualmente, permettendo alla struggente immagine della lancia spezzata di occupare il centro della scena, la cui presenza solitaria evoca un senso di dolorosa riflessione.<\/li>\n\n\n\n<li>Questo \u00e8 un mondo fantasy oscuro, pieno di magia e di creature magiche. Uno stregone malvagio che indossa una tunica blu intenso ed \u00e8 ricoperto di tatuaggi sul viso convoca un elementale del fuoco per servirlo.<\/li>\n\n\n\n<li>Il video \u00e8 rappresentato in stile pixel con una tela a 8 bit che raffigura un gattino che cammina in una strada trafficata. L'avatar mostra la scritta olografica Volatility, 3 settembre 2024 e la bellissima firma Ludma in basso.<\/li>\n\n\n\n<li>All'inizio della scena, una giovane donna dai capelli neri \u00e8 sdraiata accanto al finestrino di un aereo e guarda fuori. Due secondi dopo, la telecamera si sposta fuori dal finestrino. Nel cielo notturno, le aurore verdi scintillano mentre cade una pioggia di meteoriti. Primo piano, ripresa dal vivo.<\/li>\n\n\n\n<li>Un drago gigante vola fuori dalle nuvole e si libra intorno a un antico castello sospeso nell'aria.<\/li>\n\n\n\n<li>In una scena di un realismo mozzafiato, il mostro gigante Godzilla attraversa una giungla lussureggiante e vaporosa con un realismo da animale selvatico nel suo habitat naturale. Gli alberi torreggianti si sgretolano davanti al suo corpo colossale mentre compie passi deliberati e solidi. Nella luce soffusa della chioma degli alberi, la sua pelle verde squamosa brilla di una lucentezza umida. A ogni passo fragoroso, il terreno trema. I suoi occhi sono feroci e vigili e scrutano l'ambiente circostante.<\/li>\n<\/ul>\n\n\n\n<p><\/p>","protected":false},"excerpt":{"rendered":"<p>You can Generate Hailuo AI video HERE generate ai kissing video generate ai hugging video Generate Video Now! \ud83d\udca5 Love superheroes? Love pasta? Then you&#39;re going to absolutely love this video! \ud83c\udf5dAnd make sure to crank up the sound for the full experience! \ud83c\udfa7\ud83d\udd25 #hailuoai pic.twitter.com\/DMORdCMSBr &mdash; Pierrick Chevallier | IA (@CharaspowerAI) October 5, 2024 [&hellip;]<\/p>","protected":false},"author":1,"featured_media":0,"parent":0,"menu_order":0,"comment_status":"closed","ping_status":"closed","template":"","meta":{"_gspb_post_css":"","footnotes":""},"class_list":["post-731","page","type-page","status-publish","hentry"],"blocksy_meta":[],"_links":{"self":[{"href":"https:\/\/hailuo-ai.org\/it\/wp-json\/wp\/v2\/pages\/731"}],"collection":[{"href":"https:\/\/hailuo-ai.org\/it\/wp-json\/wp\/v2\/pages"}],"about":[{"href":"https:\/\/hailuo-ai.org\/it\/wp-json\/wp\/v2\/types\/page"}],"author":[{"embeddable":true,"href":"https:\/\/hailuo-ai.org\/it\/wp-json\/wp\/v2\/users\/1"}],"replies":[{"embeddable":true,"href":"https:\/\/hailuo-ai.org\/it\/wp-json\/wp\/v2\/comments?post=731"}],"version-history":[{"count":8,"href":"https:\/\/hailuo-ai.org\/it\/wp-json\/wp\/v2\/pages\/731\/revisions"}],"predecessor-version":[{"id":816,"href":"https:\/\/hailuo-ai.org\/it\/wp-json\/wp\/v2\/pages\/731\/revisions\/816"}],"wp:attachment":[{"href":"https:\/\/hailuo-ai.org\/it\/wp-json\/wp\/v2\/media?parent=731"}],"curies":[{"name":"wp","href":"https:\/\/api.w.org\/{rel}","templated":true}]}}