{"id":731,"date":"2024-10-17T14:26:50","date_gmt":"2024-10-17T14:26:50","guid":{"rendered":"https:\/\/hailuo-ai.org\/?page_id=731"},"modified":"2024-12-24T00:35:24","modified_gmt":"2024-12-24T00:35:24","slug":"generate-video-online","status":"publish","type":"page","link":"https:\/\/hailuo-ai.org\/sv\/generate-video-online\/","title":{"rendered":"generera-video-online"},"content":{"rendered":"<h2 class=\"wp-block-heading has-text-align-center\" id=\"you-can-generate-hailuo-ai-video-here\">Du kan generera Hailuo AI-video H\u00c4R <\/h2>\n\n\n\n<p class=\"has-text-align-center\">generera ai kyssar video <\/p>\n\n\n\n<p class=\"has-text-align-center\">generera ai kramar video<\/p>\n\n\n\n<div class=\"wp-block-stackable-columns stk-block-columns stk-block stk-af64431\" data-block-id=\"af64431\"><style>.stk-af64431 {margin-bottom:124px !important;}<\/style><div class=\"stk-row stk-inner-blocks stk-block-content stk-content-align stk-af64431-column\">\n<div class=\"wp-block-stackable-column stk-block-column stk-column stk-block stk-c0c038c\" data-v=\"4\" data-block-id=\"c0c038c\"><div class=\"stk-column-wrapper stk-block-column__content stk-container stk-c0c038c-container stk--no-background stk--no-padding\"><div class=\"stk-block-content stk-inner-blocks stk-c0c038c-inner-blocks\">\n<div class=\"wp-block-stackable-button-group stk-block-button-group stk-block stk-f84a8c3\" data-block-id=\"f84a8c3\"><style>.stk-f84a8c3 .stk-button-group{flex-direction:row !important;}@media screen and (max-width:999px){.stk-f84a8c3 .stk-button-group{flex-direction:row !important;}}@media screen and (max-width:689px){.stk-f84a8c3 .stk-button-group{flex-direction:row !important;}}<\/style><div class=\"stk-row stk-inner-blocks has-text-align-center stk-block-content stk-button-group\">\n<div class=\"wp-block-stackable-button stk-block-button has-text-align-center stk-block stk-c7b9eea\" data-block-id=\"c7b9eea\"><style>.stk-c7b9eea {min-height:0px !important;align-items:center !important;display:flex !important;}.stk-c7b9eea .stk-button{border-top-left-radius:22px !important;border-top-right-radius:22px !important;border-bottom-right-radius:22px !important;border-bottom-left-radius:22px !important;}<\/style><a class=\"stk-link stk-button stk--hover-effect-lift-scale\" href=\"https:\/\/vividhubs.ai\/?utm_source=hailuoaiorg\" target=\"_blank\" rel=\"noreferrer noopener\"><span class=\"stk-button__inner-text\">Generera video nu!<\/span><\/a><\/div>\n<\/div><\/div>\n<\/div><\/div><\/div>\n<\/div><\/div>\n\n\n\n<div class=\"wp-block-stackable-columns stk-block-columns stk-block stk-26a0af5\" data-block-id=\"26a0af5\"><div class=\"stk-row stk-inner-blocks stk-block-content stk-content-align stk-26a0af5-column\">\n<div class=\"wp-block-stackable-column stk-block-column stk-column stk-block stk-d3bbe8b\" data-v=\"4\" data-block-id=\"d3bbe8b\"><div class=\"stk-column-wrapper stk-block-column__content stk-container stk-d3bbe8b-container stk--no-background stk--no-padding\"><div class=\"stk-block-content stk-inner-blocks stk-d3bbe8b-inner-blocks\">\n<blockquote class=\"twitter-tweet\" data-media-max-width=\"560\"><p lang=\"en\" dir=\"ltr\">\ud83d\udca5 \u00c4lskar du superhj\u00e4ltar? \u00c4lskar du pasta? D\u00e5 kommer du absolut att \u00e4lska den h\u00e4r videon! \ud83c\udf5d<br>Och se till att skruva upp ljudet f\u00f6r den fulla upplevelsen! \ud83c\udfa7\ud83d\udd25 <a href=\"https:\/\/twitter.com\/hashtag\/hailuoai?src=hash&amp;ref_src=twsrc%5Etfw\" target=\"_blank\" rel=\"noopener\">#hailuoai<\/a> <a href=\"https:\/\/t.co\/DMORdCMSBr\">pic.twitter.com\/DMORdCMSBr<\/a><\/p>- Pierrick Chevallier | IA (@CharaspowerAI) <a href=\"https:\/\/twitter.com\/CharaspowerAI\/status\/1842614720504692983?ref_src=twsrc%5Etfw\" target=\"_blank\" rel=\"noopener\">5 oktober 2024<\/a><\/blockquote> <script async src=\"https:\/\/platform.twitter.com\/widgets.js\" charset=\"utf-8\"><\/script>\n\n\n\n<blockquote class=\"twitter-tweet\"><p lang=\"en\" dir=\"ltr\">n\u00e4r du kombinerar flera AI-program blir saker och ting vilda! detta \u00e4r Art by <a href=\"https:\/\/twitter.com\/hashtag\/Grok?src=hash&amp;ref_src=twsrc%5Etfw\" target=\"_blank\" rel=\"noopener\">#Grok<\/a> animation av <a href=\"https:\/\/twitter.com\/hashtag\/hailuoai?src=hash&amp;ref_src=twsrc%5Etfw\" target=\"_blank\" rel=\"noopener\">#hailuoai<\/a> <a href=\"https:\/\/t.co\/jLl0iGHyVo\">pic.twitter.com\/jLl0iGHyVo<\/a><\/p>- To9 \/\u2728\ud83d\udddd\ufe0f\u2728\ud83d\udddd\ufe0f\/\ua018\ua27b\ua2ea (@To9420) <a href=\"https:\/\/twitter.com\/To9420\/status\/1845595762966831567?ref_src=twsrc%5Etfw\" target=\"_blank\" rel=\"noopener\">13 oktober 2024<\/a><\/blockquote> <script async src=\"https:\/\/platform.twitter.com\/widgets.js\" charset=\"utf-8\"><\/script>\n<\/div><\/div><\/div>\n\n\n\n<div class=\"wp-block-stackable-column stk-block-column stk-column stk-block stk-ac727ef\" data-v=\"4\" data-block-id=\"ac727ef\"><div class=\"stk-column-wrapper stk-block-column__content stk-container stk-ac727ef-container stk--no-background stk--no-padding\"><div class=\"stk-block-content stk-inner-blocks stk-ac727ef-inner-blocks\">\n<blockquote class=\"twitter-tweet\" data-media-max-width=\"560\"><p lang=\"en\" dir=\"ltr\">J\u00f6sses, det fungerade!<br><br>Batman kliver ut ur Porschen.<br><br>D\u00f6rren \u00f6ppnas och till och med st\u00e4ngs bakom, galet.<br><br>Gjorde detta med <a href=\"https:\/\/twitter.com\/Hailuo_AI?ref_src=twsrc%5Etfw\" target=\"_blank\" rel=\"noopener\">@Hailuo_AI<\/a> videoverktyg.<br><br>Lade till min Midjourney-bild + Prompt: Batman kliver ut ur bilen och g\u00e5r mot kameran, ultrarealistisk, d\u00e4mpade toner,... <a href=\"https:\/\/t.co\/w0uFboCWQy\">pic.twitter.com\/w0uFboCWQy<\/a><\/p>- Allar Haltsonen (@AllarHaltsonen) <a href=\"https:\/\/twitter.com\/AllarHaltsonen\/status\/1846819080147554397?ref_src=twsrc%5Etfw\" target=\"_blank\" rel=\"noopener\">17 oktober 2024<\/a><\/blockquote> <script async src=\"https:\/\/platform.twitter.com\/widgets.js\" charset=\"utf-8\"><\/script>\n\n\n\n<blockquote class=\"twitter-tweet\"><p lang=\"en\" dir=\"ltr\">Den h\u00e4r videon \u00e4r inspirerad av musiken och showen fr\u00e5n <a href=\"https:\/\/twitter.com\/RuPaul?ref_src=twsrc%5Etfw\" target=\"_blank\" rel=\"noopener\">@RuPaul<\/a>. F\u00f6r att visualisera hans l\u00e5t Kitty Girl beh\u00f6vde jag g\u00f6ra 170 videogenerationer i MiniMax genom att <a href=\"https:\/\/twitter.com\/Hailuo_AI?ref_src=twsrc%5Etfw\" target=\"_blank\" rel=\"noopener\">@Hailuo_AI<\/a>, <a href=\"https:\/\/twitter.com\/LumaLabsAI?ref_src=twsrc%5Etfw\" target=\"_blank\" rel=\"noopener\">@LumaLabsAI<\/a>, <a href=\"https:\/\/twitter.com\/pika_labs?ref_src=twsrc%5Etfw\" target=\"_blank\" rel=\"noopener\">@pika_labs<\/a> och <a href=\"https:\/\/twitter.com\/runwayml?ref_src=twsrc%5Etfw\" target=\"_blank\" rel=\"noopener\">@runwayml<\/a>. V\u00e4lkommen till discohettan med boogie-body-rockande kattdrottningar \ud83d\udc08\ud83e\udea9\ud83d\udc78 <a href=\"https:\/\/t.co\/QUO8JrmXyz\">pic.twitter.com\/QUO8JrmXyz<\/a><\/p>- SAINT D (@Sa1ntDenis) <a href=\"https:\/\/twitter.com\/Sa1ntDenis\/status\/1843262345960976437?ref_src=twsrc%5Etfw\" target=\"_blank\" rel=\"noopener\">7 oktober 2024<\/a><\/blockquote> <script async src=\"https:\/\/platform.twitter.com\/widgets.js\" charset=\"utf-8\"><\/script>\n<\/div><\/div><\/div>\n\n\n\n<div class=\"wp-block-stackable-column stk-block-column stk-column stk-block stk-76ed70e\" data-v=\"4\" data-block-id=\"76ed70e\"><div class=\"stk-column-wrapper stk-block-column__content stk-container stk-76ed70e-container stk--no-background stk--no-padding\"><div class=\"stk-block-content stk-inner-blocks stk-76ed70e-inner-blocks\">\n<blockquote class=\"twitter-tweet\" data-media-max-width=\"560\"><p lang=\"en\" dir=\"ltr\">Elon kommer hem efter en hektisk vecka<br><br>Tillverkad med <a href=\"https:\/\/twitter.com\/Hailuo_AI?ref_src=twsrc%5Etfw\" target=\"_blank\" rel=\"noopener\">@Hailuo_AI<\/a> <a href=\"https:\/\/t.co\/BQr8YSSSdz\">pic.twitter.com\/BQr8YSSSdz<\/a><\/p>- Alex Patrascu (@maxescu) <a href=\"https:\/\/twitter.com\/maxescu\/status\/1846110033308012721?ref_src=twsrc%5Etfw\" target=\"_blank\" rel=\"noopener\">15 oktober 2024<\/a><\/blockquote> <script async src=\"https:\/\/platform.twitter.com\/widgets.js\" charset=\"utf-8\"><\/script>\n\n\n\n<blockquote class=\"twitter-tweet\"><p lang=\"en\" dir=\"ltr\"><a href=\"https:\/\/twitter.com\/Hailuo_AI?ref_src=twsrc%5Etfw\" target=\"_blank\" rel=\"noopener\">@Hailuo_AI<\/a> Minimax<br><br>Ja, du kan nu f\u00e5 dina karakt\u00e4rer att sl\u00e5 och f\u00e5 objekt att g\u00e5 kaboom! Njut av det! Det chockade till och med min AI Lady!<a href=\"https:\/\/twitter.com\/javilopen?ref_src=twsrc%5Etfw\" target=\"_blank\" rel=\"noopener\">@javilopen<\/a> Mystic V1 bild <br><br>Kvinna skriker och sl\u00e5r robothuvudet med flammande knytn\u00e4ve vilket f\u00e5r robothuvudet att v\u00e5ldsamt explodera och splittras i delar<br>Ultrah\u00f6g... <a href=\"https:\/\/t.co\/AWaw0m0lBR\">pic.twitter.com\/AWaw0m0lBR<\/a><\/p>- Brent Lynch (@BrentLynch) <a href=\"https:\/\/twitter.com\/BrentLynch\/status\/1843665418793431278?ref_src=twsrc%5Etfw\" target=\"_blank\" rel=\"noopener\">8 oktober 2024<\/a><\/blockquote> <script async src=\"https:\/\/platform.twitter.com\/widgets.js\" charset=\"utf-8\"><\/script>\n<\/div><\/div><\/div>\n<\/div><\/div>\n\n\n\n<p><\/p>\n\n\n\n<h3 class=\"wp-block-heading\" id=\"prompt-list-of-hailuo-ai-video-generator-you-can-try\">Snabb lista \u00f6ver Hailuo AI-videogenerator Du kan prova:<\/h3>\n\n\n\n<ul class=\"wp-block-list\">\n<li>en konstig l\u00e4skig hybriddjurv\u00e4xt som klottrar i smutsen, praktiska effekter, postapokalyptisk filmscen inspelad p\u00e5 RED Komodo, regisserad av Andrei Tarkovsky<\/li>\n\n\n\n<li>Kameran p\u00e5b\u00f6rjar en avsiktlig nedstigning fr\u00e5n en utsiktspunkt h\u00f6gt ovanf\u00f6r och erbjuder en panoramautsikt \u00f6ver ett gammalt slagf\u00e4lt. Fr\u00e5n detta upph\u00f6jda perspektiv syns terr\u00e4ngen som en vidstr\u00e4ckt yta av omr\u00f6rd, lerig jord, som vittnar om den v\u00e5ldsamma konflikten nedanf\u00f6r. Kamerans lins f\u00e5ngar den intrikata dansen av kombattanter som \u00e4r l\u00e5sta i en kamp p\u00e5 liv och d\u00f6d, deras silhuetter suddas ut av den malstr\u00f6m av v\u00e5ld som omger dem. Kakofonin fr\u00e5n striden - sv\u00e4rd som krossas, krigarnas \u00e5ngestfyllda b\u00e4lgar och h\u00e4starnas d\u00e5nande hovar - blir till en p\u00e5taglig krigssymfoni som omsluter sinnena med en kv\u00e4vande mantel av sp\u00e4nning. N\u00e4r kamerans blick stadigt s\u00e4nks man\u00f6vrerar den skickligt genom tumultet och undviker med n\u00f6d och n\u00e4ppe kaoset av stridande i en flytande r\u00f6relse som verkar b\u00e5de respektera och v\u00f6rda scenens helighet. Slagf\u00e4ltets skr\u00e4piga l\u00e4mningar hamnar i skarpt fokus: kasserade vapen och trasiga rustningar ligger utspridda och fungerar som tysta vittnesb\u00f6rd om det v\u00e5ld som har \u00e4gt rum. Kamerans fokus vilar nu p\u00e5 ett v\u00e4derbitet, ur\u00e5ldrigt spjut, vars bas \u00e4r inb\u00e4ddad i marken som f\u00f6r att g\u00f6ra anspr\u00e5k p\u00e5 just den jord som det har bevittnat. Spjutets spets glittrar av f\u00e4rskt blod, medan dess en g\u00e5ng sl\u00e4ta skaft nu \u00e4r m\u00e4rkt av en v\u00e4v av repor och rost. Denna relik, nu ensam mitt i blodbadet, st\u00e5r som en stark symbol f\u00f6r stridens grymhet och konfliktens tragiska kostnad. Resten av stridsscenen f\u00f6rsvinner gradvis, vilket g\u00f6r att den gripande bilden av det brutna spjutet hamnar i centrum och dess ensamma n\u00e4rvaro framkallar en k\u00e4nsla av sorgsen eftertanke.<\/li>\n\n\n\n<li>Det h\u00e4r \u00e4r en m\u00f6rk fantasiv\u00e4rld full av magi och magiska varelser. En ond trollkarl i djupbl\u00e5 dr\u00e4kt och t\u00e4ckt av ansiktstatueringar kallar p\u00e5 en eldelemental som ska tj\u00e4na honom.<\/li>\n\n\n\n<li>Videon \u00e4r avbildad i pixelstil med en 8bit canvas som f\u00f6rest\u00e4ller en kattunge som g\u00e5r l\u00e4ngs en livlig gata. Avataren visar den holografiska inskriptionen Volatility, 3 september 2024 och den vackra signaturen Ludma nedanf\u00f6r.<\/li>\n\n\n\n<li>I b\u00f6rjan av scenen ligger en ung kvinna med svart h\u00e5r vid f\u00f6nstret p\u00e5 ett flygplan och tittar ut. Tv\u00e5 sekunder senare panorerar kameran ut genom f\u00f6nstret. P\u00e5 natthimlen glittrar hoppande gr\u00f6na norrsken medan ett meteorregn faller. N\u00e4rbild, live-action inspelning.<\/li>\n\n\n\n<li>En j\u00e4ttelik drake flyger ut fr\u00e5n molnen och sv\u00e4var runt ett gammalt slott som sv\u00e4var i luften.<\/li>\n\n\n\n<li>I en hisnande realistisk scen tar sig det gigantiska monstret Godzilla genom en frodig, \u00e5ngande djungel med en realism som om ett vilt djur befinner sig i sin naturliga milj\u00f6. De h\u00f6ga tr\u00e4den faller s\u00f6nder framf\u00f6r dess kolossala kropp n\u00e4r den tar medvetna och stadiga steg. I det fl\u00e4ckiga ljuset fr\u00e5n tr\u00e4dkronorna glittrar dess fj\u00e4llgr\u00f6na skinn med en fuktig glans. F\u00f6r varje d\u00e5nande steg skakar marken. Dess \u00f6gon \u00e4r h\u00e5rda och vaksamma och skannar av den omgivande milj\u00f6n.<\/li>\n<\/ul>\n\n\n\n<p><\/p>","protected":false},"excerpt":{"rendered":"<p>You can Generate Hailuo AI video HERE generate ai kissing video generate ai hugging video Generate Video Now! \ud83d\udca5 Love superheroes? Love pasta? Then you&#39;re going to absolutely love this video! \ud83c\udf5dAnd make sure to crank up the sound for the full experience! \ud83c\udfa7\ud83d\udd25 #hailuoai pic.twitter.com\/DMORdCMSBr &mdash; Pierrick Chevallier | IA (@CharaspowerAI) October 5, 2024 [&hellip;]<\/p>","protected":false},"author":1,"featured_media":0,"parent":0,"menu_order":0,"comment_status":"closed","ping_status":"closed","template":"","meta":{"_gspb_post_css":"","footnotes":""},"class_list":["post-731","page","type-page","status-publish","hentry"],"blocksy_meta":[],"_links":{"self":[{"href":"https:\/\/hailuo-ai.org\/sv\/wp-json\/wp\/v2\/pages\/731"}],"collection":[{"href":"https:\/\/hailuo-ai.org\/sv\/wp-json\/wp\/v2\/pages"}],"about":[{"href":"https:\/\/hailuo-ai.org\/sv\/wp-json\/wp\/v2\/types\/page"}],"author":[{"embeddable":true,"href":"https:\/\/hailuo-ai.org\/sv\/wp-json\/wp\/v2\/users\/1"}],"replies":[{"embeddable":true,"href":"https:\/\/hailuo-ai.org\/sv\/wp-json\/wp\/v2\/comments?post=731"}],"version-history":[{"count":8,"href":"https:\/\/hailuo-ai.org\/sv\/wp-json\/wp\/v2\/pages\/731\/revisions"}],"predecessor-version":[{"id":816,"href":"https:\/\/hailuo-ai.org\/sv\/wp-json\/wp\/v2\/pages\/731\/revisions\/816"}],"wp:attachment":[{"href":"https:\/\/hailuo-ai.org\/sv\/wp-json\/wp\/v2\/media?parent=731"}],"curies":[{"name":"wp","href":"https:\/\/api.w.org\/{rel}","templated":true}]}}